{"id":292,"date":"2026-04-08T23:11:39","date_gmt":"2026-04-08T21:11:39","guid":{"rendered":"https:\/\/www.lileauvent.org\/?page_id=292"},"modified":"2026-04-08T23:35:55","modified_gmt":"2026-04-08T21:35:55","slug":"la-genese-2","status":"publish","type":"page","link":"https:\/\/www.lileauvent.org\/index.php\/la-genese-2\/","title":{"rendered":"Nos missions"},"content":{"rendered":"\t\t<div data-elementor-type=\"wp-page\" data-elementor-id=\"292\" class=\"elementor elementor-292\">\n\t\t\t\t\t\t<section class=\"elementor-section elementor-top-section elementor-element elementor-element-b0c1f7b elementor-section-boxed elementor-section-height-default elementor-section-height-default\" data-id=\"b0c1f7b\" data-element_type=\"section\" data-e-type=\"section\">\n\t\t\t\t\t\t<div class=\"elementor-container elementor-column-gap-default\">\n\t\t\t\t\t<div class=\"elementor-column elementor-col-100 elementor-top-column elementor-element elementor-element-e15fbbb\" data-id=\"e15fbbb\" data-element_type=\"column\" data-e-type=\"column\">\n\t\t\t<div class=\"elementor-widget-wrap elementor-element-populated\">\n\t\t\t\t\t\t<div class=\"elementor-element elementor-element-d19b4e5 elementor-widget elementor-widget-heading\" data-id=\"d19b4e5\" data-element_type=\"widget\" data-e-type=\"widget\" data-widget_type=\"heading.default\">\n\t\t\t\t<div class=\"elementor-widget-container\">\n\t\t\t\t\t<h2 class=\"elementor-heading-title elementor-size-default\">Nos missions<\/h2>\t\t\t\t<\/div>\n\t\t\t\t<\/div>\n\t\t\t\t\t<\/div>\n\t\t<\/div>\n\t\t\t\t\t<\/div>\n\t\t<\/section>\n\t\t\t\t<section class=\"elementor-section elementor-top-section elementor-element elementor-element-030f7de elementor-section-boxed elementor-section-height-default elementor-section-height-default\" data-id=\"030f7de\" data-element_type=\"section\" data-e-type=\"section\">\n\t\t\t\t\t\t<div class=\"elementor-container elementor-column-gap-default\">\n\t\t\t\t\t<div class=\"elementor-column elementor-col-100 elementor-top-column elementor-element elementor-element-a281bb2\" data-id=\"a281bb2\" data-element_type=\"column\" data-e-type=\"column\">\n\t\t\t<div class=\"elementor-widget-wrap elementor-element-populated\">\n\t\t\t\t\t\t<div class=\"elementor-element elementor-element-58b7264 elementor-widget elementor-widget-text-editor\" data-id=\"58b7264\" data-element_type=\"widget\" data-e-type=\"widget\" data-widget_type=\"text-editor.default\">\n\t\t\t\t<div class=\"elementor-widget-container\">\n\t\t\t\t\t\t\t\t\t<p>Apprendre,<span style=\"font-size: 11pt; font-family: Calibri,sans-serif; color: #000000; background-color: transparent; font-weight: 400; font-style: italic; font-variant: normal; text-decoration: none; vertical-align: baseline; white-space: pre-wrap;\"> exp\u00e9rimenter, partager<\/span><\/p><p id=\"docs-internal-guid-13705ddf-7fff-2187-1498-f0b799e669a3\" dir=\"ltr\" style=\"line-height: 1.295; margin-left: 36pt; margin-top: 0pt; margin-bottom: 0pt;\"><span style=\"font-size: 11pt; font-family: Calibri,sans-serif; color: #000000; background-color: transparent; font-weight: 400; font-style: normal; font-variant: normal; text-decoration: none; vertical-align: baseline; white-space: pre-wrap;\">Pour s\u2019\u00e9carter des autoroutes de la production industrielle et de la consommation de masse, cr\u00e9er du lien social en milieu rural et s\u2019orienter durablement sur le chemin d\u2019une ind\u00e9pendance alimentaire et \u00e9nerg\u00e9tique privil\u00e9giant des techniques de mara\u00eechage, de compostage, d\u2019irrigation et d\u2019\u00e9coconstruction issus de savoir-faire anciens ou de techniques \u00e9mergentes, <\/span><span style=\"font-size: 11pt; font-family: Calibri,sans-serif; color: #000000; background-color: transparent; font-weight: 400; font-style: italic; font-variant: normal; text-decoration: none; vertical-align: baseline; white-space: pre-wrap;\">l\u2019\u00eele au vent<\/span><span style=\"font-size: 11pt; font-family: Calibri,sans-serif; color: #000000; background-color: transparent; font-weight: 400; font-style: normal; font-variant: normal; text-decoration: none; vertical-align: baseline; white-space: pre-wrap;\">, qui se compose d\u2019un corps de ferme serti d\u2019un terrain fertile de trois hectares, fonctionne de mani\u00e8re holistique et coll\u00e9giale, avec pour objectifs premiers :\u00a0<\/span><\/p><p dir=\"ltr\" style=\"line-height: 1.295; margin-left: 36pt; margin-top: 0pt; margin-bottom: 0pt;\"><span style=\"font-size: 11pt; font-family: Calibri,sans-serif; color: #000000; background-color: transparent; font-weight: 400; font-style: normal; font-variant: normal; text-decoration: none; vertical-align: baseline; white-space: pre-wrap;\">&#8211; Sensibiliser \u00e0 l\u2019impact de l\u2019Homme sur le vivant au sens large.<\/span><\/p><p dir=\"ltr\" style=\"line-height: 1.295; margin-left: 36pt; margin-top: 0pt; margin-bottom: 0pt;\"><span style=\"font-size: 11pt; font-family: Calibri,sans-serif; color: #000000; background-color: transparent; font-weight: 400; font-style: normal; font-variant: normal; text-decoration: none; vertical-align: baseline; white-space: pre-wrap;\">&#8211; Apprendre \u00e0 tirer vertueusement le meilleur des \u00e9cosyst\u00e8mes en pr\u00e9sence.\u00a0<\/span><\/p><p dir=\"ltr\" style=\"line-height: 1.295; margin-left: 36pt; margin-top: 0pt; margin-bottom: 0pt;\"><span style=\"font-size: 11pt; font-family: Calibri,sans-serif; color: #000000; background-color: transparent; font-weight: 400; font-style: normal; font-variant: normal; text-decoration: none; vertical-align: baseline; white-space: pre-wrap;\">&#8211; Favoriser les \u00e9changes et les partages de connaissances et de savoir-faire.\u00a0<\/span><\/p><p dir=\"ltr\" style=\"line-height: 1.295; margin-left: 36pt; margin-top: 0pt; margin-bottom: 0pt;\"><span style=\"font-size: 11pt; font-family: Calibri,sans-serif; color: #000000; background-color: transparent; font-weight: 400; font-style: normal; font-variant: normal; text-decoration: none; vertical-align: baseline; white-space: pre-wrap;\">&#8211; Intensifier les synergies locales et le lien social.<\/span><\/p><p dir=\"ltr\" style=\"line-height: 1.295; margin-left: 36pt; margin-top: 0pt; margin-bottom: 0pt;\"><span style=\"font-size: 11pt; font-family: Calibri,sans-serif; color: #000000; background-color: transparent; font-weight: 400; font-style: normal; font-variant: normal; text-decoration: none; vertical-align: baseline; white-space: pre-wrap;\">&#8211; D\u00e9velopper des ateliers participatifs en agro\u00e9cologie, permaculture, \u00e9co-construction, alimentation naturelle, artisanats d\u2019art ou encore th\u00e9rapies douces.\u00a0<\/span><\/p><p dir=\"ltr\" style=\"line-height: 1.295; margin-left: 36pt; margin-top: 0pt; margin-bottom: 0pt;\"><span style=\"font-size: 11pt; font-family: Calibri,sans-serif; color: #000000; background-color: transparent; font-weight: 400; font-style: normal; font-variant: normal; text-decoration: none; vertical-align: baseline; white-space: pre-wrap;\">&#8211; Organiser des manifestations culturelles interg\u00e9n\u00e9rationnelles.\u00a0<\/span><\/p><p dir=\"ltr\" style=\"line-height: 1.295; margin-left: 36pt; margin-top: 0pt; margin-bottom: 8pt;\"><span style=\"font-size: 11pt; font-family: Calibri,sans-serif; color: #000000; background-color: transparent; font-weight: 400; font-style: normal; font-variant: normal; text-decoration: none; vertical-align: baseline; white-space: pre-wrap;\">&#8211; Accueillir des jeunes, finist\u00e9riens et europ\u00e9ens, dans une d\u00e9marche d\u2019\u00e9ducation populaire et de coop\u00e9ration fond\u00e9e sur l\u2019int\u00e9r\u00eat g\u00e9n\u00e9ral et l\u2019intelligence collective.<\/span><\/p>\t\t\t\t\t\t\t\t<\/div>\n\t\t\t\t<\/div>\n\t\t\t\t\t<\/div>\n\t\t<\/div>\n\t\t\t\t\t<\/div>\n\t\t<\/section>\n\t\t\t\t<\/div>\n\t\t","protected":false},"excerpt":{"rendered":"<p>Nos missions Apprendre, exp\u00e9rimenter, partager Pour s\u2019\u00e9carter des autoroutes de la production industrielle et de la consommation de masse, cr\u00e9er du lien social en milieu rural et s\u2019orienter durablement sur le chemin d\u2019une ind\u00e9pendance alimentaire et \u00e9nerg\u00e9tique privil\u00e9giant des techniques de mara\u00eechage, de compostage, d\u2019irrigation et d\u2019\u00e9coconstruction issus de savoir-faire anciens ou de techniques \u00e9mergentes, [&hellip;]<\/p>\n","protected":false},"author":1,"featured_media":0,"parent":0,"menu_order":0,"comment_status":"closed","ping_status":"closed","template":"","meta":{"site-sidebar-layout":"no-sidebar","site-content-layout":"page-builder","ast-site-content-layout":"full-width-container","site-content-style":"default","site-sidebar-style":"default","ast-global-header-display":"","ast-banner-title-visibility":"","ast-main-header-display":"","ast-hfb-above-header-display":"","ast-hfb-below-header-display":"","ast-hfb-mobile-header-display":"","site-post-title":"","ast-breadcrumbs-content":"","ast-featured-img":"disabled","footer-sml-layout":"","ast-disable-related-posts":"","theme-transparent-header-meta":"","adv-header-id-meta":"","stick-header-meta":"","header-above-stick-meta":"","header-main-stick-meta":"","header-below-stick-meta":"","astra-migrate-meta-layouts":"set","ast-page-background-enabled":"default","ast-page-background-meta":{"desktop":{"background-color":"var(--ast-global-color-4)","background-image":"","background-repeat":"repeat","background-position":"center center","background-size":"auto","background-attachment":"scroll","background-type":"","background-media":"","overlay-type":"","overlay-color":"","overlay-opacity":"","overlay-gradient":""},"tablet":{"background-color":"","background-image":"","background-repeat":"repeat","background-position":"center center","background-size":"auto","background-attachment":"scroll","background-type":"","background-media":"","overlay-type":"","overlay-color":"","overlay-opacity":"","overlay-gradient":""},"mobile":{"background-color":"","background-image":"","background-repeat":"repeat","background-position":"center center","background-size":"auto","background-attachment":"scroll","background-type":"","background-media":"","overlay-type":"","overlay-color":"","overlay-opacity":"","overlay-gradient":""}},"ast-content-background-meta":{"desktop":{"background-color":"var(--ast-global-color-5)","background-image":"","background-repeat":"repeat","background-position":"center center","background-size":"auto","background-attachment":"scroll","background-type":"","background-media":"","overlay-type":"","overlay-color":"","overlay-opacity":"","overlay-gradient":""},"tablet":{"background-color":"var(--ast-global-color-5)","background-image":"","background-repeat":"repeat","background-position":"center center","background-size":"auto","background-attachment":"scroll","background-type":"","background-media":"","overlay-type":"","overlay-color":"","overlay-opacity":"","overlay-gradient":""},"mobile":{"background-color":"var(--ast-global-color-5)","background-image":"","background-repeat":"repeat","background-position":"center center","background-size":"auto","background-attachment":"scroll","background-type":"","background-media":"","overlay-type":"","overlay-color":"","overlay-opacity":"","overlay-gradient":""}},"footnotes":""},"class_list":["post-292","page","type-page","status-publish","hentry"],"_links":{"self":[{"href":"https:\/\/www.lileauvent.org\/index.php\/wp-json\/wp\/v2\/pages\/292","targetHints":{"allow":["GET"]}}],"collection":[{"href":"https:\/\/www.lileauvent.org\/index.php\/wp-json\/wp\/v2\/pages"}],"about":[{"href":"https:\/\/www.lileauvent.org\/index.php\/wp-json\/wp\/v2\/types\/page"}],"author":[{"embeddable":true,"href":"https:\/\/www.lileauvent.org\/index.php\/wp-json\/wp\/v2\/users\/1"}],"replies":[{"embeddable":true,"href":"https:\/\/www.lileauvent.org\/index.php\/wp-json\/wp\/v2\/comments?post=292"}],"version-history":[{"count":7,"href":"https:\/\/www.lileauvent.org\/index.php\/wp-json\/wp\/v2\/pages\/292\/revisions"}],"predecessor-version":[{"id":319,"href":"https:\/\/www.lileauvent.org\/index.php\/wp-json\/wp\/v2\/pages\/292\/revisions\/319"}],"wp:attachment":[{"href":"https:\/\/www.lileauvent.org\/index.php\/wp-json\/wp\/v2\/media?parent=292"}],"curies":[{"name":"wp","href":"https:\/\/api.w.org\/{rel}","templated":true}]}}